{"id":60,"date":"2016-08-23T13:20:41","date_gmt":"2016-08-23T12:20:41","guid":{"rendered":"http:\/\/nicolasjousse.fr\/?page_id=60"},"modified":"2024-08-29T17:49:37","modified_gmt":"2024-08-29T16:49:37","slug":"accueil","status":"publish","type":"page","link":"https:\/\/nicolasjousse.fr\/","title":{"rendered":"Accueil"},"content":{"rendered":"<p>Bienvenue sur le site de math\u00e9matiques de la classe de PC2 !<\/p>\n<p>Vous trouverez ici tous les documents propos\u00e9s en PC2 depuis la rentr\u00e9e 2011&#8230;<\/p>\n","protected":false},"excerpt":{"rendered":"<p>Bienvenue sur le site de math\u00e9matiques de la classe de PC2 ! Vous trouverez ici tous les documents propos\u00e9s en PC2 depuis la rentr\u00e9e 2011&#8230;<\/p>\n","protected":false},"author":1,"featured_media":0,"parent":0,"menu_order":0,"comment_status":"closed","ping_status":"closed","template":"","meta":[],"_links":{"self":[{"href":"https:\/\/nicolasjousse.fr\/index.php?rest_route=\/wp\/v2\/pages\/60"}],"collection":[{"href":"https:\/\/nicolasjousse.fr\/index.php?rest_route=\/wp\/v2\/pages"}],"about":[{"href":"https:\/\/nicolasjousse.fr\/index.php?rest_route=\/wp\/v2\/types\/page"}],"author":[{"embeddable":true,"href":"https:\/\/nicolasjousse.fr\/index.php?rest_route=\/wp\/v2\/users\/1"}],"replies":[{"embeddable":true,"href":"https:\/\/nicolasjousse.fr\/index.php?rest_route=%2Fwp%2Fv2%2Fcomments&post=60"}],"version-history":[{"count":3,"href":"https:\/\/nicolasjousse.fr\/index.php?rest_route=\/wp\/v2\/pages\/60\/revisions"}],"predecessor-version":[{"id":971,"href":"https:\/\/nicolasjousse.fr\/index.php?rest_route=\/wp\/v2\/pages\/60\/revisions\/971"}],"wp:attachment":[{"href":"https:\/\/nicolasjousse.fr\/index.php?rest_route=%2Fwp%2Fv2%2Fmedia&parent=60"}],"curies":[{"name":"wp","href":"https:\/\/api.w.org\/{rel}","templated":true}]}}