{"id":31,"date":"2016-08-20T20:47:57","date_gmt":"2016-08-20T19:47:57","guid":{"rendered":"http:\/\/nicolasjousse.fr\/?page_id=31"},"modified":"2025-09-10T22:02:56","modified_gmt":"2025-09-10T21:02:56","slug":"liens","status":"publish","type":"page","link":"https:\/\/nicolasjousse.fr\/?page_id=31","title":{"rendered":"Liens"},"content":{"rendered":"<p>SCEI : <a href=\"https:\/\/www.scei-concours.fr\/\">https:\/\/www.scei-concours.fr\/<\/a><\/p>\n<p>CCINP : <a href=\"https:\/\/ccp.scei-concours.fr\/\">https:\/\/ccp.scei-concours.fr\/<\/a><\/p>\n<p>Centrale-Sup\u00e9lec : <a href=\"http:\/\/www.centralesupelec.fr\/\">http:\/\/www.centralesupelec.fr\/<\/a><\/p>\n<p>Mines-Ponts : <a href=\"https:\/\/www.concoursminesponts.fr\/\">https:\/\/mines-ponts.fr\/index.php<\/a><\/p>\n<p>Mines-Telecom : <a href=\"http:\/\/www.concours-mines-telecom.fr\/\">http:\/\/www.concours-mines-telecom.fr\/<\/a><\/p>\n<p>E3A : <a href=\"https:\/\/www.e3a-polytech.fr\/\">https:\/\/www.e3a.fr\/<\/a><\/p>\n<p>M\u00e9tiers et math\u00e9matiques : <a href=\"https:\/\/www.onisep.fr\/publications\/Zoom\/les-metiers-des-mathematiques-de-la-statistique-et-de-l-informatique\">Les m\u00e9tiers des maths<\/a><\/p>\n<p>Statistiques d&#8217;int\u00e9gration en CPGE : <a href=\"http:\/\/www.chireux.fr\/cpge_daudet\/liste_ecoles.htm\">Stats<\/a><\/p>\n<p>Prepas.org : <a href=\"http:\/\/prepas.org\/\">http:\/\/prepas.org\/<\/a><\/p>\n<p>Encyclop\u00e9die des math\u00e9matiques : <a href=\"http:\/\/mathworld.wolfram.com\/\">http:\/\/mathworld.wolfram.com\/<\/a><\/p>\n<p>Biographie de math\u00e9maticiens : <a href=\"https:\/\/mathshistory.st-andrews.ac.uk\/Biographies\/\">Biographies<\/a><\/p>\n<p>Rubik&#8217;s Cube : <a href=\"http:\/\/trucsmaths.free.fr\/rubik.htm\">http:\/\/trucsmaths.free.fr\/rubik.htm<\/a><\/p>\n<p>Encyclop\u00e9die des formes remarquables : <a href=\"http:\/\/www.mathcurve.com\/\">http:\/\/www.mathcurve.com\/<\/a><\/p>\n","protected":false},"excerpt":{"rendered":"<p>SCEI : https:\/\/www.scei-concours.fr\/ CCINP : https:\/\/ccp.scei-concours.fr\/ Centrale-Sup\u00e9lec : http:\/\/www.centralesupelec.fr\/ Mines-Ponts : https:\/\/mines-ponts.fr\/index.php Mines-Telecom : http:\/\/www.concours-mines-telecom.fr\/ E3A : https:\/\/www.e3a.fr\/ M\u00e9tiers et math\u00e9matiques : Les m\u00e9tiers des maths Statistiques d&#8217;int\u00e9gration en CPGE : Stats Prepas.org : http:\/\/prepas.org\/ Encyclop\u00e9die des math\u00e9matiques : http:\/\/mathworld.wolfram.com\/ &hellip; <a href=\"https:\/\/nicolasjousse.fr\/?page_id=31\">Continue reading <span class=\"meta-nav\">&rarr;<\/span><\/a><\/p>\n","protected":false},"author":1,"featured_media":0,"parent":0,"menu_order":0,"comment_status":"closed","ping_status":"closed","template":"","meta":[],"_links":{"self":[{"href":"https:\/\/nicolasjousse.fr\/index.php?rest_route=\/wp\/v2\/pages\/31"}],"collection":[{"href":"https:\/\/nicolasjousse.fr\/index.php?rest_route=\/wp\/v2\/pages"}],"about":[{"href":"https:\/\/nicolasjousse.fr\/index.php?rest_route=\/wp\/v2\/types\/page"}],"author":[{"embeddable":true,"href":"https:\/\/nicolasjousse.fr\/index.php?rest_route=\/wp\/v2\/users\/1"}],"replies":[{"embeddable":true,"href":"https:\/\/nicolasjousse.fr\/index.php?rest_route=%2Fwp%2Fv2%2Fcomments&post=31"}],"version-history":[{"count":13,"href":"https:\/\/nicolasjousse.fr\/index.php?rest_route=\/wp\/v2\/pages\/31\/revisions"}],"predecessor-version":[{"id":1074,"href":"https:\/\/nicolasjousse.fr\/index.php?rest_route=\/wp\/v2\/pages\/31\/revisions\/1074"}],"wp:attachment":[{"href":"https:\/\/nicolasjousse.fr\/index.php?rest_route=%2Fwp%2Fv2%2Fmedia&parent=31"}],"curies":[{"name":"wp","href":"https:\/\/api.w.org\/{rel}","templated":true}]}}