{"id":29,"date":"2016-08-20T20:47:47","date_gmt":"2016-08-20T19:47:47","guid":{"rendered":"http:\/\/nicolasjousse.fr\/?page_id=29"},"modified":"2022-09-05T10:16:16","modified_gmt":"2022-09-05T09:16:16","slug":"livres","status":"publish","type":"page","link":"https:\/\/nicolasjousse.fr\/?page_id=29","title":{"rendered":"Livres"},"content":{"rendered":"<p>MATHS PC-PC* , Editions Ellipses, paru en 2022<\/p>\n<p><img decoding=\"async\" loading=\"lazy\" class=\"alignnone size-medium wp-image-778\" src=\"http:\/\/nicolasjousse.fr\/wp-content\/uploads\/2016\/08\/LIVRE-ELLIPSES-PC-JOUSSE-238x300.jpg\" alt=\"LIVRE ELLIPSES PC JOUSSE\" width=\"238\" height=\"300\" srcset=\"https:\/\/nicolasjousse.fr\/wp-content\/uploads\/2016\/08\/LIVRE-ELLIPSES-PC-JOUSSE-238x300.jpg 238w, https:\/\/nicolasjousse.fr\/wp-content\/uploads\/2016\/08\/LIVRE-ELLIPSES-PC-JOUSSE-768x970.jpg 768w, https:\/\/nicolasjousse.fr\/wp-content\/uploads\/2016\/08\/LIVRE-ELLIPSES-PC-JOUSSE.jpg 800w\" sizes=\"(max-width: 238px) 100vw, 238px\" \/><\/p>\n<p>Toutes les math\u00e9matiques de Sup, Editions Belin, Paru en 2013 :<\/p>\n<p><img decoding=\"async\" loading=\"lazy\" class=\"alignnone size-medium wp-image-286\" src=\"http:\/\/nicolasjousse.fr\/wp-content\/uploads\/2016\/08\/TLMDS-212x300.jpg\" alt=\"7541_math_sup_couv.indd\" width=\"212\" height=\"300\" srcset=\"https:\/\/nicolasjousse.fr\/wp-content\/uploads\/2016\/08\/TLMDS-212x300.jpg 212w, https:\/\/nicolasjousse.fr\/wp-content\/uploads\/2016\/08\/TLMDS.jpg 318w\" sizes=\"(max-width: 212px) 100vw, 212px\" \/><\/p>\n<p>Exercices de Maths corrig\u00e9s pour la BCPST 2\u00e8me ann\u00e9e, Editions Ellipses, Paru en 2010 :<\/p>\n<p><img decoding=\"async\" loading=\"lazy\" class=\"alignnone size-medium wp-image-288\" src=\"http:\/\/nicolasjousse.fr\/wp-content\/uploads\/2016\/08\/EXOS-JPGNJ-207x300.jpg\" alt=\"EXOS JPGNJ\" width=\"207\" height=\"300\" srcset=\"https:\/\/nicolasjousse.fr\/wp-content\/uploads\/2016\/08\/EXOS-JPGNJ-207x300.jpg 207w, https:\/\/nicolasjousse.fr\/wp-content\/uploads\/2016\/08\/EXOS-JPGNJ.jpg 379w\" sizes=\"(max-width: 207px) 100vw, 207px\" \/><\/p>\n<p>&nbsp;<\/p>\n<p>&nbsp;<\/p>\n<p>&nbsp;<\/p>\n<p>&nbsp;<\/p>\n<p>&nbsp;<\/p>\n","protected":false},"excerpt":{"rendered":"<p>MATHS PC-PC* , Editions Ellipses, paru en 2022 Toutes les math\u00e9matiques de Sup, Editions Belin, Paru en 2013 : Exercices de Maths corrig\u00e9s pour la BCPST 2\u00e8me ann\u00e9e, Editions Ellipses, Paru en 2010 : &nbsp; &nbsp; &nbsp; &nbsp; &nbsp;<\/p>\n","protected":false},"author":1,"featured_media":288,"parent":0,"menu_order":0,"comment_status":"closed","ping_status":"closed","template":"","meta":[],"_links":{"self":[{"href":"https:\/\/nicolasjousse.fr\/index.php?rest_route=\/wp\/v2\/pages\/29"}],"collection":[{"href":"https:\/\/nicolasjousse.fr\/index.php?rest_route=\/wp\/v2\/pages"}],"about":[{"href":"https:\/\/nicolasjousse.fr\/index.php?rest_route=\/wp\/v2\/types\/page"}],"author":[{"embeddable":true,"href":"https:\/\/nicolasjousse.fr\/index.php?rest_route=\/wp\/v2\/users\/1"}],"replies":[{"embeddable":true,"href":"https:\/\/nicolasjousse.fr\/index.php?rest_route=%2Fwp%2Fv2%2Fcomments&post=29"}],"version-history":[{"count":5,"href":"https:\/\/nicolasjousse.fr\/index.php?rest_route=\/wp\/v2\/pages\/29\/revisions"}],"predecessor-version":[{"id":779,"href":"https:\/\/nicolasjousse.fr\/index.php?rest_route=\/wp\/v2\/pages\/29\/revisions\/779"}],"wp:featuredmedia":[{"embeddable":true,"href":"https:\/\/nicolasjousse.fr\/index.php?rest_route=\/wp\/v2\/media\/288"}],"wp:attachment":[{"href":"https:\/\/nicolasjousse.fr\/index.php?rest_route=%2Fwp%2Fv2%2Fmedia&parent=29"}],"curies":[{"name":"wp","href":"https:\/\/api.w.org\/{rel}","templated":true}]}}